{"id":30023,"date":"2025-03-03T10:14:04","date_gmt":"2025-03-03T03:14:04","guid":{"rendered":"https:\/\/hr.ueh.edu.vn\/en\/?page_id=30023"},"modified":"2025-06-18T10:00:57","modified_gmt":"2025-06-18T03:00:57","slug":"bo-ho-so-dang-ky-hoc-ke-toan-truong","status":"publish","type":"page","link":"https:\/\/hr.ueh.edu.vn\/en\/bo-ho-so-dang-ky-hoc-ke-toan-truong\/","title":{"rendered":"B\u1ed9 h\u1ed3 s\u01a1 \u0111\u0103ng k\u00fd h\u1ecdc K\u1ebf to\u00e1n tr\u01b0\u1edfng"},"content":{"rendered":"<p><a href=\"https:\/\/hr.ueh.edu.vn\/en\/wp-content\/uploads\/2025\/04\/1.-2025.-UEH_HUREDIN_CTDT-Ke-toan-truong.pdf\">1. 2025. UEH_HUREDIN_CT\u0110T K\u1ebf to\u00e1n tr\u01b0\u1edfng<\/a><\/p>\n<p><a href=\"https:\/\/hr.ueh.edu.vn\/en\/wp-content\/uploads\/2025\/04\/2.-Don-dang-ky-hoc-co-xac-nhan-cua-don-vi-cong-tac.docx\">2. \u0110\u01a1n \u0111\u0103ng k\u00fd h\u1ecdc c\u00f3 x\u00e1c nh\u1eadn c\u1ee7a \u0111\u01a1n v\u1ecb c\u00f4ng t\u00e1c<\/a><\/p>\n<p><a href=\"https:\/\/hr.ueh.edu.vn\/en\/wp-content\/uploads\/2025\/06\/3.-Mau-Phieu-thong-tin-KTT.docx\">3. M\u1eabu Phi\u1ebfu th\u00f4ng tin KTT<\/a><\/p>\n<p><a href=\"https:\/\/hr.ueh.edu.vn\/en\/wp-content\/uploads\/2025\/04\/Huong-dan-chuan-bi-ho-so.pdf\">4. H\u01b0\u1edbng d\u1eabn chu\u1ea9n b\u1ecb h\u1ed3 s\u01a1<\/a><\/p>\n","protected":false},"excerpt":{"rendered":"<p>1. 2025. UEH_HUREDIN_CT\u0110T K\u1ebf to\u00e1n tr\u01b0\u1edfng 2. \u0110\u01a1n \u0111\u0103ng k\u00fd h\u1ecdc c\u00f3 x\u00e1c nh\u1eadn c\u1ee7a \u0111\u01a1n v\u1ecb c\u00f4ng t\u00e1c 3. M\u1eabu Phi\u1ebfu th\u00f4ng tin KTT 4. H\u01b0\u1edbng d\u1eabn chu\u1ea9n b\u1ecb h\u1ed3 s\u01a1<\/p>\n","protected":false},"author":1,"featured_media":0,"parent":0,"menu_order":0,"comment_status":"closed","ping_status":"closed","template":"","meta":{"footnotes":""},"class_list":["post-30023","page","type-page","status-publish","hentry"],"_links":{"self":[{"href":"https:\/\/hr.ueh.edu.vn\/en\/wp-json\/wp\/v2\/pages\/30023","targetHints":{"allow":["GET"]}}],"collection":[{"href":"https:\/\/hr.ueh.edu.vn\/en\/wp-json\/wp\/v2\/pages"}],"about":[{"href":"https:\/\/hr.ueh.edu.vn\/en\/wp-json\/wp\/v2\/types\/page"}],"author":[{"embeddable":true,"href":"https:\/\/hr.ueh.edu.vn\/en\/wp-json\/wp\/v2\/users\/1"}],"replies":[{"embeddable":true,"href":"https:\/\/hr.ueh.edu.vn\/en\/wp-json\/wp\/v2\/comments?post=30023"}],"version-history":[{"count":6,"href":"https:\/\/hr.ueh.edu.vn\/en\/wp-json\/wp\/v2\/pages\/30023\/revisions"}],"predecessor-version":[{"id":30628,"href":"https:\/\/hr.ueh.edu.vn\/en\/wp-json\/wp\/v2\/pages\/30023\/revisions\/30628"}],"wp:attachment":[{"href":"https:\/\/hr.ueh.edu.vn\/en\/wp-json\/wp\/v2\/media?parent=30023"}],"curies":[{"name":"wp","href":"https:\/\/api.w.org\/{rel}","templated":true}]}}